{"id":645,"date":"2019-02-11T15:11:13","date_gmt":"2019-02-11T15:11:13","guid":{"rendered":"https:\/\/demosites.io\/onboarding-gutenberg\/?page_id=645"},"modified":"2026-03-03T10:46:03","modified_gmt":"2026-03-03T10:46:03","slug":"5b349-home","status":"publish","type":"page","link":"https:\/\/www.fleurus.fr\/","title":{"rendered":"Le Groupe"},"content":{"rendered":"\n<div id=\"wp-block-themeisle-blocks-advanced-columns-af1635f9\" class=\"wp-block-themeisle-blocks-advanced-columns alignfull has-1-columns has-desktop-equal-layout has-tablet-equal-layout has-mobile-equal-layout has-vertical-unset\"><div class=\"wp-block-themeisle-blocks-advanced-columns-overlay\"><\/div><div class=\"innerblocks-wrap\">\n<div id=\"wp-block-themeisle-blocks-advanced-column-afacdff0\" class=\"wp-block-themeisle-blocks-advanced-column animated fadeIn delay-100ms\">\n<h1 id=\"wp-block-themeisle-blocks-advanced-heading-a475539e\" class=\"wp-block-themeisle-blocks-advanced-heading wp-block-themeisle-blocks-advanced-heading-a475539e animated fadeIn\">  Avec patience et mille soins, nos artisans d\u00e9coupent, cousent, lissent, assemblent pour que chaque pi\u00e8ce soit un objet unique.  <\/h1>\n\n\n\n<div style=\"height:34px\" aria-hidden=\"true\" class=\"wp-block-spacer\"><\/div>\n\n\n\n<h2 id=\"wp-block-themeisle-blocks-advanced-heading-b91c41da\" class=\"wp-block-themeisle-blocks-advanced-heading wp-block-themeisle-blocks-advanced-heading-b91c41da\">Notre r\u00e9f\u00e9rence : l&rsquo;EXCELLENCE<\/h2>\n\n\n\n<hr class=\"wp-block-separator has-text-color has-nv-site-bg-color has-css-opacity has-nv-site-bg-background-color has-background\"\/>\n<\/div>\n<\/div><\/div>\n\n\n\n<section id=\"about\" class=\"wp-block-themeisle-blocks-advanced-columns alignfull has-2-columns has-desktop-equal-layout has-tablet-collapsedRows-layout has-mobile-collapsedRows-layout has-vertical-center\"><div class=\"wp-block-themeisle-blocks-advanced-columns-overlay\"><\/div><div class=\"innerblocks-wrap\">\n<div id=\"wp-block-themeisle-blocks-advanced-column-74ac39ec\" class=\"wp-block-themeisle-blocks-advanced-column\">\n<div id=\"wp-block-themeisle-blocks-advanced-columns-3bc3d864\" class=\"wp-block-themeisle-blocks-advanced-columns has-1-columns has-desktop-equal-layout hide-in-tablet hide-in-mobile has-vertical-unset\"><div class=\"wp-block-themeisle-blocks-advanced-columns-overlay\"><\/div><div class=\"innerblocks-wrap\">\n<div id=\"wp-block-themeisle-blocks-advanced-column-3ac7b322\" class=\"wp-block-themeisle-blocks-advanced-column\">\n<figure class=\"wp-block-image size-full is-resized is-style-\"><img loading=\"lazy\" decoding=\"async\" width=\"700\" height=\"1244\" src=\"https:\/\/www.fleurus.fr\/wp-content\/uploads\/2026\/01\/Tissu-TISH1-2.jpg\" alt=\"\" class=\"wp-image-2902\" style=\"aspect-ratio:9\/16;object-fit:cover\" srcset=\"https:\/\/www.fleurus.fr\/wp-content\/uploads\/2026\/01\/Tissu-TISH1-2.jpg 700w, https:\/\/www.fleurus.fr\/wp-content\/uploads\/2026\/01\/Tissu-TISH1-2-169x300.jpg 169w, https:\/\/www.fleurus.fr\/wp-content\/uploads\/2026\/01\/Tissu-TISH1-2-576x1024.jpg 576w\" sizes=\"auto, (max-width: 700px) 100vw, 700px\" \/><\/figure>\n<\/div>\n<\/div><\/div>\n<\/div>\n\n\n\n<div id=\"wp-block-themeisle-blocks-advanced-column-6782e6de\" class=\"wp-block-themeisle-blocks-advanced-column about-content animated fadeInRight slow has-light-bg\">\n<div id=\"wp-block-themeisle-blocks-advanced-heading-551e189a\" class=\"wp-block-themeisle-blocks-advanced-heading wp-block-themeisle-blocks-advanced-heading-551e189a\"><\/div>\n\n\n\n<div style=\"height:31px\" aria-hidden=\"true\" class=\"wp-block-spacer\"><\/div>\n\n\n\n<h2 id=\"wp-block-themeisle-blocks-advanced-heading-c2ca70b2\" class=\"wp-block-themeisle-blocks-advanced-heading wp-block-themeisle-blocks-advanced-heading-c2ca70b2\">Qui sommes-nous ?<\/h2>\n\n\n\n<div style=\"height:35px\" aria-hidden=\"true\" class=\"wp-block-spacer\"><\/div>\n\n\n\n<h1 id=\"wp-block-themeisle-blocks-advanced-heading-4b9bd6e8\" class=\"wp-block-themeisle-blocks-advanced-heading wp-block-themeisle-blocks-advanced-heading-4b9bd6e8\"><strong>Une histoire de famille<\/strong><br>C\u2019est \u00e0 travers une histoire de famille sur trois g\u00e9n\u00e9rations que Fleurus s\u2019est forg\u00e9e une culture d\u2019entreprise o\u00f9 les relations humaines, l\u2019\u00e9coute de ses clients et de ses salari\u00e9s sont mots d\u2019ordre.<br><br><strong>Un savoir-faire<\/strong><br>Gr\u00e2ce \u00e0 sa ma\u00eetrise du travail du cuir avec son activit\u00e9 historique qu\u2019est le bracelet-montre, Fleurus a su au fil des ann\u00e9es acqu\u00e9rir de nouveaux savoir-faire, comme la gainerie d\u2019objets en cuir et la confection d\u2019articles de maroquinerie. C\u2019est d\u00e9sormais aupr\u00e8s de grandes marques du luxe, de l\u2019industrie horlog\u00e8re et de la mode que Fleurus a su trouver sa place.<br><br><strong>Une ambition<\/strong><br>L\u2019entreprise Fleurus qui a d\u00e9but\u00e9 par un atelier artisanal de deux personnes compte d\u00e9sormais plus de 1 400 employ\u00e9s, r\u00e9partis sur les trois sites du groupe&nbsp;: Vichy (Allier), Saint-Flour (Cantal) et Madagascar.<br>Malgr\u00e9 toutes ces mutations, l\u2019entreprise a su allier un savoir-faire artisanal et des m\u00e9thodes de production industrielle de pointe en constante \u00e9volution.<\/h1>\n\n\n\n<p><\/p>\n<\/div>\n<\/div><\/section>\n\n\n\n<main id=\"savoir\" class=\"wp-block-themeisle-blocks-advanced-columns alignfull has-1-columns has-desktop-equal-layout has-tablet-equal-layout has-mobile-equal-layout has-vertical-center\"><div class=\"wp-block-themeisle-blocks-advanced-columns-overlay\"><\/div><div class=\"innerblocks-wrap\">\n<div id=\"wp-block-themeisle-blocks-advanced-column-26898ca1\" class=\"wp-block-themeisle-blocks-advanced-column\">\n<h2 id=\"wp-block-themeisle-blocks-advanced-heading-5fae00b7\" class=\"wp-block-themeisle-blocks-advanced-heading wp-block-themeisle-blocks-advanced-heading-5fae00b7\">Nos savoir-faire<\/h2>\n\n\n\n<figure class=\"wp-block-video\"><video height=\"480\" style=\"aspect-ratio: 854 \/ 480;\" width=\"854\" controls src=\"https:\/\/www.fleurus.fr\/wp-content\/uploads\/2021\/10\/Video-Fleurus-groupe-op.mp4\"><\/video><\/figure>\n<\/div>\n<\/div><\/main>\n\n\n\n<div id=\"dates\" class=\"wp-block-themeisle-blocks-advanced-columns alignfull has-1-columns has-desktop-equal-layout has-tablet-equal-layout has-mobile-equal-layout has-vertical-unset\"><div class=\"wp-block-themeisle-blocks-advanced-columns-overlay\"><\/div><div class=\"innerblocks-wrap\">\n<div id=\"wp-block-themeisle-blocks-advanced-column-4e76066d\" class=\"wp-block-themeisle-blocks-advanced-column\">\n<div class=\"wp-block-columns is-layout-flex wp-container-core-columns-is-layout-9d6595d7 wp-block-columns-is-layout-flex\">\n<div class=\"wp-block-column is-layout-flow wp-block-column-is-layout-flow\" style=\"flex-basis:600px\">\n<div class=\"wp-block-cover\" style=\"min-height:613px;aspect-ratio:unset;\"><img loading=\"lazy\" decoding=\"async\" width=\"1000\" height=\"1000\" class=\"wp-block-cover__image-background wp-image-1316\" alt=\"\" src=\"https:\/\/www.fleurus.fr\/wp-content\/uploads\/2021\/10\/MG_0393couleurnbdddd.jpg\" style=\"object-position:0% 60%\" data-object-fit=\"cover\" data-object-position=\"0% 60%\" srcset=\"https:\/\/www.fleurus.fr\/wp-content\/uploads\/2021\/10\/MG_0393couleurnbdddd.jpg 1000w, https:\/\/www.fleurus.fr\/wp-content\/uploads\/2021\/10\/MG_0393couleurnbdddd-300x300.jpg 300w, https:\/\/www.fleurus.fr\/wp-content\/uploads\/2021\/10\/MG_0393couleurnbdddd-150x150.jpg 150w, https:\/\/www.fleurus.fr\/wp-content\/uploads\/2021\/10\/MG_0393couleurnbdddd-768x768.jpg 768w\" sizes=\"auto, (max-width: 1000px) 100vw, 1000px\" \/><span aria-hidden=\"true\" class=\"wp-block-cover__background has-background-dim\"><\/span><div class=\"wp-block-cover__inner-container is-layout-flow wp-block-cover-is-layout-flow\">\n<h1 id=\"wp-block-themeisle-blocks-advanced-heading-037b22e6\" class=\"wp-block-themeisle-blocks-advanced-heading wp-block-themeisle-blocks-advanced-heading-037b22e6\">Tradition et technologie, les piliers de notre manufacture depuis plus de 80 ans.<\/h1>\n<\/div><\/div>\n<\/div>\n\n\n\n<div class=\"wp-block-column is-vertically-aligned-center is-layout-flow wp-block-column-is-layout-flow\">\n<h1 id=\"wp-block-themeisle-blocks-advanced-heading-d230f49e\" class=\"wp-block-themeisle-blocks-advanced-heading wp-block-themeisle-blocks-advanced-heading-d230f49e\">Quelques dates<\/h1>\n\n\n\n<p id=\"wp-block-themeisle-blocks-advanced-heading-7f240c45\" class=\"wp-block-themeisle-blocks-advanced-heading wp-block-themeisle-blocks-advanced-heading-7f240c45\"><strong>1942 <\/strong><br>Cr\u00e9ation de notre premi\u00e8re usine \u00e0 St-Flour (fabrication de bracelets montres)<\/p>\n\n\n\n<p id=\"wp-block-themeisle-blocks-advanced-heading-5964058d\" class=\"wp-block-themeisle-blocks-advanced-heading wp-block-themeisle-blocks-advanced-heading-5964058d\"><strong>1960 <\/strong><br>Implantation de notre si\u00e8ge social \u00e0 Vichy<\/p>\n\n\n\n<p id=\"wp-block-themeisle-blocks-advanced-heading-88d8bd5a\" class=\"wp-block-themeisle-blocks-advanced-heading wp-block-themeisle-blocks-advanced-heading-88d8bd5a\"><strong>1962 <\/strong><br>Cr\u00e9ation de la soci\u00e9t\u00e9 <strong>Europ&rsquo;Ecrins<\/strong> (fabrication d&rsquo;\u00e9crins et de gainerie d&rsquo;\u00e9talage)<\/p>\n\n\n\n<p id=\"wp-block-themeisle-blocks-advanced-heading-7bd43873\" class=\"wp-block-themeisle-blocks-advanced-heading wp-block-themeisle-blocks-advanced-heading-7bd43873\"><strong>1990<\/strong><br>\u2022 Nouveau site de production \u00e0 Madagascar<br>\u2022 Int\u00e9gration de maroquinerie de luxe dans nos activit\u00e9s en France<\/p>\n\n\n\n<p id=\"wp-block-themeisle-blocks-advanced-heading-322550f1\" class=\"wp-block-themeisle-blocks-advanced-heading wp-block-themeisle-blocks-advanced-heading-322550f1\"><strong>2007<\/strong><br>Cr\u00e9ation de la marque <strong>Una Storia<\/strong> (collection de bijoux en argent 925 milli\u00e8mes rhodi\u00e9)<\/p>\n\n\n\n<p><strong>2019 <\/strong><br>Cr\u00e9ation de la marque <strong>Louise&rsquo;s Garden<\/strong> (collection de bijoux fantaisie en acier 316L)<\/p>\n<\/div>\n<\/div>\n<\/div>\n<\/div><\/div>\n\n\n\n<section id=\"wp-block-themeisle-blocks-advanced-columns-cf464273\" class=\"wp-block-themeisle-blocks-advanced-columns alignfull has-1-columns has-desktop-equal-layout has-tablet-equal-layout has-mobile-equal-layout has-vertical-flex-start\"><div class=\"wp-block-themeisle-blocks-advanced-columns-overlay\"><\/div><div class=\"innerblocks-wrap\">\n<div id=\"wp-block-themeisle-blocks-advanced-column-091be23e\" class=\"wp-block-themeisle-blocks-advanced-column\">\n<section id=\"employ\u00e9s\" class=\"wp-block-themeisle-blocks-advanced-columns alignfull has-1-columns has-desktop-equal-layout has-tablet-equal-layout has-mobile-equal-layout has-vertical-center\"><div class=\"wp-block-themeisle-blocks-advanced-columns-overlay\"><\/div><div class=\"innerblocks-wrap\">\n<div id=\"wp-block-themeisle-blocks-advanced-column-77b97cc2\" class=\"wp-block-themeisle-blocks-advanced-column\">\n<div id=\"wp-block-themeisle-blocks-font-awesome-icons-1e81e01a\" class=\"wp-block-themeisle-blocks-font-awesome-icons\"><span class=\"wp-block-themeisle-blocks-font-awesome-icons-container\"><i class=\"fas fa-chart-line\"><\/i><\/span><\/div>\n\n\n\n<h2 id=\"wp-block-themeisle-blocks-advanced-heading-16e849bd\" class=\"wp-block-themeisle-blocks-advanced-heading wp-block-themeisle-blocks-advanced-heading-16e849bd\">Nos employ\u00e9s<\/h2>\n<\/div>\n<\/div><\/section>\n\n\n\n<section id=\"wp-block-themeisle-blocks-advanced-columns-683da29a\" class=\"wp-block-themeisle-blocks-advanced-columns has-4-columns has-desktop-equal-layout has-tablet-equal-layout has-mobile-collapsedRows-layout has-vertical-flex-start\"><div class=\"wp-block-themeisle-blocks-advanced-columns-overlay\"><\/div><div class=\"innerblocks-wrap\">\n<div id=\"wp-block-themeisle-blocks-advanced-column-a81de827\" class=\"wp-block-themeisle-blocks-advanced-column has-light-bg\">\n<div id=\"wp-block-themeisle-blocks-font-awesome-icons-4491c76d\" class=\"wp-block-themeisle-blocks-font-awesome-icons\"><span class=\"wp-block-themeisle-blocks-font-awesome-icons-container\"><i class=\"fas fa-users\"><\/i><\/span><\/div>\n\n\n\n<h2 id=\"wp-block-themeisle-blocks-advanced-heading-8f8ef8a3\" class=\"wp-block-themeisle-blocks-advanced-heading wp-block-themeisle-blocks-advanced-heading-8f8ef8a3\">1 400 Salari\u00e9s<\/h2>\n\n\n\n<h2 id=\"wp-block-themeisle-blocks-advanced-heading-128ce474\" class=\"wp-block-themeisle-blocks-advanced-heading wp-block-themeisle-blocks-advanced-heading-128ce474\">\u2022 750 salari\u00e9s en France<br>\u2022 650 salari\u00e9s \u00e0 Madagascar<br><\/h2>\n<\/div>\n\n\n\n<div id=\"wp-block-themeisle-blocks-advanced-column-787fa0e1\" class=\"wp-block-themeisle-blocks-advanced-column has-light-bg\">\n<div id=\"wp-block-themeisle-blocks-font-awesome-icons-3b480aa2\" class=\"wp-block-themeisle-blocks-font-awesome-icons\"><span class=\"wp-block-themeisle-blocks-font-awesome-icons-container\"><i class=\"fas fa-chart-pie\"><\/i><\/span><\/div>\n\n\n\n<h2 id=\"wp-block-themeisle-blocks-advanced-heading-d15e6e14\" class=\"wp-block-themeisle-blocks-advanced-heading wp-block-themeisle-blocks-advanced-heading-d15e6e14\">D\u00e9veloppements<\/h2>\n\n\n\n<h2 id=\"wp-block-themeisle-blocks-advanced-heading-7d090fef\" class=\"wp-block-themeisle-blocks-advanced-heading wp-block-themeisle-blocks-advanced-heading-7d090fef\"><strong>3 sites : <\/strong><br>St-Flour : 6 000m\u00b2<br>Vichy : 12 000m\u00b2<br>Madagascar : 10 000m\u00b2<br><br>2 \u00e9coles de formation <br>en interne<br>30 000 heures de formation <br>en moyenne par an <\/h2>\n<\/div>\n\n\n\n<div id=\"wp-block-themeisle-blocks-advanced-column-54f4b40e\" class=\"wp-block-themeisle-blocks-advanced-column has-light-bg\">\n<div id=\"wp-block-themeisle-blocks-font-awesome-icons-cd9fbefa\" class=\"wp-block-themeisle-blocks-font-awesome-icons\"><span class=\"wp-block-themeisle-blocks-font-awesome-icons-container\"><i class=\"fas fa-building\"><\/i><\/span><\/div>\n\n\n\n<h2 id=\"wp-block-themeisle-blocks-advanced-heading-1bca898d\" class=\"wp-block-themeisle-blocks-advanced-heading wp-block-themeisle-blocks-advanced-heading-1bca898d\">Partenaires<\/h2>\n\n\n\n<h2 id=\"wp-block-themeisle-blocks-advanced-heading-7924346e\" class=\"wp-block-themeisle-blocks-advanced-heading wp-block-themeisle-blocks-advanced-heading-7924346e\"> 1 800 revendeurs Fleurus<br>650 revendeurs Una Storia<br>400 revendeurs Louise&rsquo;s Garden<\/h2>\n<\/div>\n\n\n\n<div id=\"wp-block-themeisle-blocks-advanced-column-e25f7ba4\" class=\"wp-block-themeisle-blocks-advanced-column has-light-bg\">\n<div id=\"wp-block-themeisle-blocks-font-awesome-icons-d43a5c86\" class=\"wp-block-themeisle-blocks-font-awesome-icons\"><span class=\"wp-block-themeisle-blocks-font-awesome-icons-container\"><i class=\"fas fa-balance-scale\"><\/i><\/span><\/div>\n\n\n\n<h2 id=\"wp-block-themeisle-blocks-advanced-heading-66207117\" class=\"wp-block-themeisle-blocks-advanced-heading wp-block-themeisle-blocks-advanced-heading-66207117\">Index d&rsquo;\u00e9galit\u00e9 professionnelle Hommes\/Femmes<\/h2>\n\n\n\n<h2 id=\"wp-block-themeisle-blocks-advanced-heading-f9d816e4\" class=\"wp-block-themeisle-blocks-advanced-heading wp-block-themeisle-blocks-advanced-heading-f9d816e4\">Vulcacuir : <br>99 \/ 100<br><br>Unit\u00e9 \u00e9conomique et sociale :<br>90 \/ 100<br><br>MDC :<br>N\/C<\/h2>\n\n\n\n<div class=\"wp-block-buttons is-vertical is-layout-flex wp-container-core-buttons-is-layout-8d0caef2 wp-block-buttons-is-layout-flex\">\n<div class=\"wp-block-button has-custom-width wp-block-button__width-100 is-style-default; height=25px; is-style-secondary ticss-4799a859\"><a class=\"wp-block-button__link has-small-font-size has-custom-font-size wp-element-button\" href=\"https:\/\/www.fleurus.fr\/wp-content\/uploads\/2026\/03\/Index-egalite-professionnel-2025.pdf\" target=\"_blank\" rel=\"noreferrer noopener\">T\u00e9l\u00e9charger la publication<\/a><\/div>\n<\/div>\n<\/div>\n<\/div><\/section>\n<\/div>\n<\/div><\/section>\n\n\n\n<div id=\"contact\" class=\"wp-block-themeisle-blocks-advanced-columns alignfull has-1-columns has-desktop-equal-layout has-tablet-equal-layout has-mobile-equal-layout has-vertical-unset\"><div class=\"wp-block-themeisle-blocks-advanced-columns-overlay\"><\/div><div class=\"innerblocks-wrap\">\n<div id=\"wp-block-themeisle-blocks-advanced-column-8ef95448\" class=\"wp-block-themeisle-blocks-advanced-column\">\n<div id=\"wp-block-themeisle-blocks-advanced-columns-c3735c0d\" class=\"wp-block-themeisle-blocks-advanced-columns has-3-columns has-desktop-equal-layout has-tablet-equal-layout has-mobile-collapsedRows-layout has-vertical-unset\"><div class=\"wp-block-themeisle-blocks-advanced-columns-overlay\"><\/div><div class=\"innerblocks-wrap\">\n<div id=\"wp-block-themeisle-blocks-advanced-column-0567c16a\" class=\"wp-block-themeisle-blocks-advanced-column\">\n<div class=\"wp-block-themeisle-blocks-service\">\n<h6 id=\"wp-block-themeisle-blocks-advanced-heading-78b7b5d0\" class=\"wp-block-themeisle-blocks-advanced-heading wp-block-themeisle-blocks-advanced-heading-78b7b5d0\">Nous contacter :<\/h6>\n\n\n\n<p id=\"wp-block-themeisle-blocks-advanced-heading-b265261c\" class=\"wp-block-themeisle-blocks-advanced-heading wp-block-themeisle-blocks-advanced-heading-b265261c\">T\u00e9l\u00e9phone : 04 70 58 74 00<br>E-mail : contact@fleurus.fr<\/p>\n\n\n\n<ul class=\"wp-block-social-links has-visible-labels has-icon-color has-icon-background-color is-style-pill-shape is-content-justification-center is-layout-flex wp-container-core-social-links-is-layout-16018d1d wp-block-social-links-is-layout-flex\"><li style=\"color:var(--nv-dark-bg);background-color:var(--nv-site-bg);\" class=\"wp-social-link wp-social-link-linkedin has-nv-dark-bg-color has-nv-site-bg-background-color wp-block-social-link\"><a rel=\"noopener nofollow\" target=\"_blank\" href=\"https:\/\/www.linkedin.com\/company\/groupe-fleurus\/\" class=\"wp-block-social-link-anchor\"><svg width=\"24\" height=\"24\" viewBox=\"0 0 24 24\" version=\"1.1\" xmlns=\"http:\/\/www.w3.org\/2000\/svg\" aria-hidden=\"true\" focusable=\"false\"><path d=\"M19.7,3H4.3C3.582,3,3,3.582,3,4.3v15.4C3,20.418,3.582,21,4.3,21h15.4c0.718,0,1.3-0.582,1.3-1.3V4.3 C21,3.582,20.418,3,19.7,3z M8.339,18.338H5.667v-8.59h2.672V18.338z M7.004,8.574c-0.857,0-1.549-0.694-1.549-1.548 c0-0.855,0.691-1.548,1.549-1.548c0.854,0,1.547,0.694,1.547,1.548C8.551,7.881,7.858,8.574,7.004,8.574z M18.339,18.338h-2.669 v-4.177c0-0.996-0.017-2.278-1.387-2.278c-1.389,0-1.601,1.086-1.601,2.206v4.249h-2.667v-8.59h2.559v1.174h0.037 c0.356-0.675,1.227-1.387,2.526-1.387c2.703,0,3.203,1.779,3.203,4.092V18.338z\"><\/path><\/svg><span class=\"wp-block-social-link-label\">LinkedIn<\/span><\/a><\/li><\/ul>\n<\/div>\n<\/div>\n\n\n\n<div id=\"wp-block-themeisle-blocks-advanced-column-84250375\" class=\"wp-block-themeisle-blocks-advanced-column\">\n<div class=\"wp-block-themeisle-blocks-service\">\n<h4 id=\"wp-block-themeisle-blocks-advanced-heading-13c0df4d\" class=\"wp-block-themeisle-blocks-advanced-heading wp-block-themeisle-blocks-advanced-heading-13c0df4d\">O\u00f9 nous trouver ?<\/h4>\n\n\n\n<p id=\"wp-block-themeisle-blocks-advanced-heading-6f2d618d\" class=\"wp-block-themeisle-blocks-advanced-heading wp-block-themeisle-blocks-advanced-heading-6f2d618d\">33 rue du L\u00e9ry <br>03700 BELLERIVE SUR ALLIER<br>FRANCE<\/p>\n<\/div>\n<\/div>\n\n\n\n<div id=\"wp-block-themeisle-blocks-advanced-column-f1146e6c\" class=\"wp-block-themeisle-blocks-advanced-column\"><div style=\"height:236px;\" class=\"wp-block-themeisle-blocks-leaflet-map\" id=\"wp-block-themeisle-blocks-leaflet-map-e054c58e\"><\/div>\n<script type=\"text\/javascript\">\n\t\/* <![CDATA[ *\/\n\t\tif ( ! window.themeisleLeafletMaps ) window.themeisleLeafletMaps =[];\n\t\twindow.themeisleLeafletMaps.push( { container: \"wp-block-themeisle-blocks-leaflet-map-e054c58e\", attributes: {\"id\":\"wp-block-themeisle-blocks-leaflet-map-e054c58e\",\"latitude\":\"46.107933885920254\",\"longitude\":\"3.3982729911804204\",\"bbox\":\"3.394882678985596,46.10617841350784,3.4016633033752446,46.10968930242755\",\"zoom\":16,\"height\":236,\"markers\":[{\"id\":\"a1fbda89-db9d-4382-bbd6-d11e6ba2f7a0\",\"latitude\":46.10762147542769895380843081511557102203369140625,\"longitude\":3.398551361009607862939674305380322039127349853515625,\"title\":\"Add a title\",\"description\":\"\"}],\"location\":\"La Sagrada Familia, Barcelona, Spain\",\"zoomControl\":true,\"draggable\":true,\"hasCustomCSS\":false,\"customCSS\":\"\",\"otterConditions\":[]} } );\n\t\/* ]]> *\/\n<\/script>\n<\/div>\n<\/div><\/div>\n<\/div>\n<\/div><\/div>\n","protected":false},"excerpt":{"rendered":"","protected":false},"author":1,"featured_media":1508,"parent":0,"menu_order":0,"comment_status":"closed","ping_status":"closed","template":"page-templates\/template-pagebuilder-full-width.php","meta":{"neve_meta_sidebar":"full-width","neve_meta_container":"full-width","neve_meta_enable_content_width":"off","neve_meta_content_width":100,"neve_meta_title_alignment":"center","neve_meta_author_avatar":"","neve_post_elements_order":"","neve_meta_disable_header":"","neve_meta_disable_footer":"","neve_meta_disable_title":"on","pgc_sgb_lightbox_settings":"","_themeisle_gutenberg_block_has_review":false,"iawp_total_views":6931,"footnotes":""},"class_list":["post-645","page","type-page","status-publish","has-post-thumbnail","hentry"],"_links":{"self":[{"href":"https:\/\/www.fleurus.fr\/index.php?rest_route=\/wp\/v2\/pages\/645","targetHints":{"allow":["GET"]}}],"collection":[{"href":"https:\/\/www.fleurus.fr\/index.php?rest_route=\/wp\/v2\/pages"}],"about":[{"href":"https:\/\/www.fleurus.fr\/index.php?rest_route=\/wp\/v2\/types\/page"}],"author":[{"embeddable":true,"href":"https:\/\/www.fleurus.fr\/index.php?rest_route=\/wp\/v2\/users\/1"}],"replies":[{"embeddable":true,"href":"https:\/\/www.fleurus.fr\/index.php?rest_route=%2Fwp%2Fv2%2Fcomments&post=645"}],"version-history":[{"count":305,"href":"https:\/\/www.fleurus.fr\/index.php?rest_route=\/wp\/v2\/pages\/645\/revisions"}],"predecessor-version":[{"id":2933,"href":"https:\/\/www.fleurus.fr\/index.php?rest_route=\/wp\/v2\/pages\/645\/revisions\/2933"}],"wp:featuredmedia":[{"embeddable":true,"href":"https:\/\/www.fleurus.fr\/index.php?rest_route=\/wp\/v2\/media\/1508"}],"wp:attachment":[{"href":"https:\/\/www.fleurus.fr\/index.php?rest_route=%2Fwp%2Fv2%2Fmedia&parent=645"}],"curies":[{"name":"wp","href":"https:\/\/api.w.org\/{rel}","templated":true}]}}